{"id":1111,"date":"2022-06-29T14:37:31","date_gmt":"2022-06-29T12:37:31","guid":{"rendered":"https:\/\/moyaemery.com\/marta-marina\/"},"modified":"2023-05-23T14:35:45","modified_gmt":"2023-05-23T12:35:45","slug":"marta-marina","status":"publish","type":"page","link":"https:\/\/www.moyaemery.com\/en\/lawyers-and-consultants-in-mallorca-2\/marta-marina\/","title":{"rendered":"Marta Marina"},"content":{"rendered":"<p><div class=\"fusion-fullwidth fullwidth-box fusion-builder-row-1 fusion-flex-container nonhundred-percent-fullwidth non-hundred-percent-height-scrolling\" style=\"--awb-border-radius-top-left:0px;--awb-border-radius-top-right:0px;--awb-border-radius-bottom-right:0px;--awb-border-radius-bottom-left:0px;--awb-padding-top:15px;--awb-padding-bottom:15px;--awb-background-color:var(--awb-color2);--awb-flex-wrap:wrap;\" ><div class=\"fusion-builder-row fusion-row fusion-flex-align-items-center fusion-flex-content-wrap\" style=\"max-width:1248px;margin-left: calc(-4% \/ 2 );margin-right: calc(-4% \/ 2 );\"><div class=\"fusion-layout-column fusion_builder_column fusion-builder-column-0 fusion_builder_column_1_2 1_2 fusion-flex-column fusion-column-inner-bg-wrapper\" style=\"--awb-inner-bg-size:cover;--awb-width-large:50%;--awb-margin-top-large:0px;--awb-spacing-right-large:3.84%;--awb-margin-bottom-large:0px;--awb-spacing-left-large:3.84%;--awb-width-medium:50%;--awb-order-medium:0;--awb-spacing-right-medium:3.84%;--awb-spacing-left-medium:3.84%;--awb-width-small:100%;--awb-order-small:0;--awb-spacing-right-small:1.92%;--awb-spacing-left-small:1.92%;\"><span class=\"fusion-column-inner-bg hover-type-none\"><a class=\"fusion-column-anchor\" href=\"https:\/\/www.moyaemery.com\/equipo\/\"><span class=\"fusion-column-inner-bg-image\"><\/span><\/a><\/span><div class=\"fusion-column-wrapper fusion-column-has-shadow fusion-flex-justify-content-flex-start fusion-content-layout-column\"><div ><a class=\"fusion-button button-flat fusion-button-default-size button-custom fusion-button-default button-1 fusion-button-default-span fusion-button-default-type fusion-has-button-gradient\" style=\"--button_accent_color:var(--awb-color6);--button_border_color:var(--awb-color6);--button_accent_hover_color:var(--awb-color7);--button_border_hover_color:var(--awb-color7);--button_gradient_top_color:rgba(173,214,225,0);--button_gradient_bottom_color:rgba(173,214,225,0);--button_gradient_top_color_hover:rgba(255,255,255,0);--button_gradient_bottom_color_hover:rgba(173,214,225,0);\" target=\"_self\" href=\"https:\/\/www.moyaemery.com\/en\/lawyers-and-consultants-in-mallorca-2\/\"><span class=\"fusion-button-text\">\u2190 Back to team<\/span><\/a><\/div><\/div><\/div><\/div><\/div>\n<div class=\"fusion-fullwidth fullwidth-box fusion-builder-row-2 fusion-flex-container nonhundred-percent-fullwidth non-hundred-percent-height-scrolling\" style=\"--awb-border-radius-top-left:0px;--awb-border-radius-top-right:0px;--awb-border-radius-bottom-right:0px;--awb-border-radius-bottom-left:0px;--awb-padding-top:30px;--awb-padding-right:30px;--awb-padding-bottom:30px;--awb-padding-left:30px;--awb-padding-right-medium:50px;--awb-padding-left-medium:50px;--awb-flex-wrap:wrap;\" ><div class=\"fusion-builder-row fusion-row fusion-flex-align-items-flex-start fusion-flex-justify-content-space-between fusion-flex-content-wrap\" style=\"max-width:1248px;margin-left: calc(-4% \/ 2 );margin-right: calc(-4% \/ 2 );\"><div class=\"fusion-layout-column fusion_builder_column fusion-builder-column-1 fusion_builder_column_2_5 2_5 fusion-flex-column fusion-flex-align-self-stretch fusion-no-small-visibility\" style=\"--awb-padding-top-small:25vh;--awb-padding-bottom-small:25vh;--awb-bg-position:center center;--awb-bg-size:cover;--awb-width-large:40%;--awb-margin-top-large:0px;--awb-spacing-right-large:4.8%;--awb-margin-bottom-large:0px;--awb-spacing-left-large:4.8%;--awb-width-medium:50%;--awb-order-medium:0;--awb-spacing-right-medium:3.84%;--awb-spacing-left-medium:3.84%;--awb-width-small:100%;--awb-order-small:1;--awb-spacing-right-small:1.92%;--awb-spacing-left-small:1.92%;\"><div class=\"fusion-column-wrapper fusion-column-has-shadow fusion-flex-justify-content-space-between fusion-content-layout-column\"><div class=\"fusion-image-element \" style=\"--awb-caption-title-font-family:var(--h2_typography-font-family);--awb-caption-title-font-weight:var(--h2_typography-font-weight);--awb-caption-title-font-style:var(--h2_typography-font-style);--awb-caption-title-size:var(--h2_typography-font-size);--awb-caption-title-transform:var(--h2_typography-text-transform);--awb-caption-title-line-height:var(--h2_typography-line-height);--awb-caption-title-letter-spacing:var(--h2_typography-letter-spacing);\"><span class=\" fusion-imageframe imageframe-none imageframe-1 hover-type-none\" style=\"border-radius:15px;\"><img decoding=\"async\" width=\"768\" height=\"1024\" alt=\"Marta Marina\" title=\"moya-emery-bio-marta-marina\" src=\"https:\/\/www.moyaemery.com\/wp-content\/uploads\/2022\/12\/moya-emery-bio-marta-marina.jpg\" data-orig-src=\"https:\/\/www.moyaemery.com\/wp-content\/uploads\/2022\/12\/moya-emery-bio-marta-marina-768x1024.jpg\" class=\"lazyload img-responsive wp-image-1054\" srcset=\"data:image\/svg+xml,%3Csvg%20xmlns%3D%27http%3A%2F%2Fwww.w3.org%2F2000%2Fsvg%27%20width%3D%27960%27%20height%3D%271280%27%20viewBox%3D%270%200%20960%201280%27%3E%3Crect%20width%3D%27960%27%20height%3D%271280%27%20fill-opacity%3D%220%22%2F%3E%3C%2Fsvg%3E\" data-srcset=\"https:\/\/www.moyaemery.com\/wp-content\/uploads\/2022\/12\/moya-emery-bio-marta-marina-200x267.jpg 200w, https:\/\/www.moyaemery.com\/wp-content\/uploads\/2022\/12\/moya-emery-bio-marta-marina-400x533.jpg 400w, https:\/\/www.moyaemery.com\/wp-content\/uploads\/2022\/12\/moya-emery-bio-marta-marina-600x800.jpg 600w, https:\/\/www.moyaemery.com\/wp-content\/uploads\/2022\/12\/moya-emery-bio-marta-marina-800x1067.jpg 800w, https:\/\/www.moyaemery.com\/wp-content\/uploads\/2022\/12\/moya-emery-bio-marta-marina.jpg 960w\" data-sizes=\"auto\" data-orig-sizes=\"(max-width: 640px) 100vw, 600px\" \/><\/span><\/div><\/div><\/div><div class=\"fusion-layout-column fusion_builder_column fusion-builder-column-2 fusion_builder_column_3_5 3_5 fusion-flex-column fusion-flex-align-self-stretch fusion-animated\" style=\"--awb-bg-size:cover;--awb-width-large:60%;--awb-margin-top-large:0px;--awb-spacing-right-large:3.2%;--awb-margin-bottom-large:20px;--awb-spacing-left-large:3.2%;--awb-width-medium:50%;--awb-order-medium:0;--awb-spacing-right-medium:3.84%;--awb-spacing-left-medium:3.84%;--awb-width-small:100%;--awb-order-small:0;--awb-spacing-right-small:1.92%;--awb-spacing-left-small:1.92%;\" data-animationType=\"fadeInRight\" data-animationDuration=\"0.8\" data-animationOffset=\"top-into-view\"><div class=\"fusion-column-wrapper fusion-column-has-shadow fusion-flex-justify-content-center fusion-content-layout-column\"><div class=\"fusion-title title fusion-title-1 fusion-sep-none fusion-title-text fusion-title-size-one\" style=\"--awb-margin-bottom:0px;--awb-margin-bottom-small:-1vw;\"><h1 class=\"fusion-title-heading title-heading-left fusion-responsive-typography-calculated\" style=\"margin:0;--fontSize:65;line-height:0.95;\">Marta Marina<\/h1><\/div><div class=\"fusion-title title fusion-title-2 fusion-sep-none fusion-title-text fusion-title-size-two\" style=\"--awb-margin-bottom:40px;\"><h2 class=\"fusion-title-heading title-heading-left fusion-responsive-typography-calculated\" style=\"margin:0;--fontSize:50;line-height:0.98;\">Lawyer<\/h2><\/div><div class=\"fusion-social-links fusion-social-links-1\" style=\"--awb-margin-top:0px;--awb-margin-right:0px;--awb-margin-bottom:0px;--awb-margin-left:0px;--awb-box-border-top:0px;--awb-box-border-right:0px;--awb-box-border-bottom:0px;--awb-box-border-left:0px;--awb-icon-colors-hover:var(--awb-color5);--awb-box-colors-hover:var(--awb-color1);--awb-box-border-color:var(--awb-color3);--awb-box-border-color-hover:var(--awb-color4);\"><div class=\"fusion-social-networks color-type-custom\"><div class=\"fusion-social-networks-wrapper\"><a class=\"fusion-social-network-icon fusion-tooltip fusion-linkedin fa-linkedin-in fab\" style=\"color:var(--awb-color6);font-size:16px;\" data-placement=\"top\" data-title=\"LinkedIn\" data-toggle=\"tooltip\" title=\"LinkedIn\" aria-label=\"linkedin\" target=\"_blank\" rel=\"noopener noreferrer\" href=\"https:\/\/www.linkedin.com\/in\/marta-marina-llad%C3%B3-115376148\"><\/a><a class=\"fusion-social-network-icon fusion-tooltip fusion-mail awb-icon-mail\" style=\"color:var(--awb-color6);font-size:16px;\" data-placement=\"top\" data-title=\"Email\" data-toggle=\"tooltip\" title=\"Email\" aria-label=\"mail\" target=\"_blank\" rel=\"noopener noreferrer\" href=\"mailto:mar&#116;a&#064;&#109;oy&#097;e&#109;&#101;&#114;y.&#099;o&#109;\"><\/a><\/div><\/div><\/div><div class=\"fusion-image-element fusion-no-medium-visibility fusion-no-large-visibility\" style=\"--awb-margin-top-small:3vh;--awb-caption-title-font-family:var(--h2_typography-font-family);--awb-caption-title-font-weight:var(--h2_typography-font-weight);--awb-caption-title-font-style:var(--h2_typography-font-style);--awb-caption-title-size:var(--h2_typography-font-size);--awb-caption-title-transform:var(--h2_typography-text-transform);--awb-caption-title-line-height:var(--h2_typography-line-height);--awb-caption-title-letter-spacing:var(--h2_typography-letter-spacing);\"><span class=\" fusion-imageframe imageframe-none imageframe-2 hover-type-none\" style=\"border-radius:15px;\"><img decoding=\"async\" width=\"768\" height=\"1024\" title=\"moya-emery-bio-marta-marina\" src=\"https:\/\/www.moyaemery.com\/wp-content\/uploads\/2022\/12\/moya-emery-bio-marta-marina.jpg\" data-orig-src=\"https:\/\/www.moyaemery.com\/wp-content\/uploads\/2022\/12\/moya-emery-bio-marta-marina-768x1024.jpg\" alt class=\"lazyload img-responsive wp-image-1054\" srcset=\"data:image\/svg+xml,%3Csvg%20xmlns%3D%27http%3A%2F%2Fwww.w3.org%2F2000%2Fsvg%27%20width%3D%27960%27%20height%3D%271280%27%20viewBox%3D%270%200%20960%201280%27%3E%3Crect%20width%3D%27960%27%20height%3D%271280%27%20fill-opacity%3D%220%22%2F%3E%3C%2Fsvg%3E\" data-srcset=\"https:\/\/www.moyaemery.com\/wp-content\/uploads\/2022\/12\/moya-emery-bio-marta-marina-200x267.jpg 200w, https:\/\/www.moyaemery.com\/wp-content\/uploads\/2022\/12\/moya-emery-bio-marta-marina-400x533.jpg 400w, https:\/\/www.moyaemery.com\/wp-content\/uploads\/2022\/12\/moya-emery-bio-marta-marina-600x800.jpg 600w, https:\/\/www.moyaemery.com\/wp-content\/uploads\/2022\/12\/moya-emery-bio-marta-marina-800x1067.jpg 800w, https:\/\/www.moyaemery.com\/wp-content\/uploads\/2022\/12\/moya-emery-bio-marta-marina.jpg 960w\" data-sizes=\"auto\" data-orig-sizes=\"(max-width: 640px) 100vw, 800px\" \/><\/span><\/div><div class=\"fusion-text fusion-text-1\" style=\"--awb-margin-top:40px;\"><p class=\"p1\">Graduated in Law from the University of the Balearic Islands in 2016. Master&#8217;s Degree in International Business Law from ESADE Barcelona in 2018. Master&#8217;s Degree in Law from ESADE Barcelona in 2019. Lawyer member of the Balearic Islands Bar Association.   <\/p>\n<p class=\"p1\">Before joining our firm, she worked for several years at the law firm Garrigues, developing her professional career in the area of Corporate and Real Estate Law. In 2021 she joined the Moya &amp; Emery team, becoming part of the legal department, specialising in mergers and acquisitions, corporate restructurings and non-resident real estate transactions.<\/p>\n<\/div><\/div><\/div><\/div><\/div><\/p>\n","protected":false},"excerpt":{"rendered":"","protected":false},"author":2,"featured_media":1059,"parent":1117,"menu_order":0,"comment_status":"closed","ping_status":"closed","template":"100-width.php","meta":{"footnotes":""},"class_list":["post-1111","page","type-page","status-publish","has-post-thumbnail","hentry"],"yoast_head":"<!-- This site is optimized with the Yoast SEO plugin v27.5 - https:\/\/yoast.com\/product\/yoast-seo-wordpress\/ -->\n<title>Marta Marina - Asesor\u00eda Laboral y Jur\u00eddica en Mallorca<\/title>\n<meta name=\"description\" content=\"Marta Marina specializes in mergers and acquisitions, corporate restructurings and non-resident real estate transactions. Graduated in Law from the University of the Balearic Islands in 2016.\" \/>\n<meta name=\"robots\" content=\"index, follow, max-snippet:-1, max-image-preview:large, max-video-preview:-1\" \/>\n<link rel=\"canonical\" href=\"https:\/\/www.moyaemery.com\/en\/lawyers-and-consultants-in-mallorca-2\/marta-marina\/\" \/>\n<meta property=\"og:locale\" content=\"en_GB\" \/>\n<meta property=\"og:type\" content=\"article\" \/>\n<meta property=\"og:title\" content=\"Marta Marina - Asesor\u00eda Laboral y Jur\u00eddica en Mallorca\" \/>\n<meta property=\"og:description\" content=\"Marta Marina specializes in mergers and acquisitions, corporate restructurings and non-resident real estate transactions. Graduated in Law from the University of the Balearic Islands in 2016.\" \/>\n<meta property=\"og:url\" content=\"https:\/\/www.moyaemery.com\/en\/lawyers-and-consultants-in-mallorca-2\/marta-marina\/\" \/>\n<meta property=\"og:site_name\" content=\"Asesor\u00eda Laboral y Jur\u00eddica en Mallorca\" \/>\n<meta property=\"article:publisher\" content=\"https:\/\/www.facebook.com\/moyaemery\/\" \/>\n<meta property=\"article:modified_time\" content=\"2023-05-23T12:35:45+00:00\" \/>\n<meta property=\"og:image\" content=\"https:\/\/www.moyaemery.com\/wp-content\/uploads\/2022\/12\/moya-emery-share-home-1024x576.jpg\" \/>\n<meta name=\"twitter:card\" content=\"summary_large_image\" \/>\n<meta name=\"twitter:image\" content=\"https:\/\/www.moyaemery.com\/wp-content\/uploads\/2022\/12\/moya-emery-share-home-1024x576.jpg\" \/>\n<meta name=\"twitter:site\" content=\"@moyaemery\" \/>\n<meta name=\"twitter:label1\" content=\"Estimated reading time\" \/>\n\t<meta name=\"twitter:data1\" content=\"7 minutes\" \/>\n<script type=\"application\/ld+json\" class=\"yoast-schema-graph\">{\"@context\":\"https:\\\/\\\/schema.org\",\"@graph\":[{\"@type\":\"WebPage\",\"@id\":\"https:\\\/\\\/www.moyaemery.com\\\/en\\\/lawyers-and-consultants-in-mallorca-2\\\/marta-marina\\\/\",\"url\":\"https:\\\/\\\/www.moyaemery.com\\\/en\\\/lawyers-and-consultants-in-mallorca-2\\\/marta-marina\\\/\",\"name\":\"Marta Marina - Asesor\u00eda Laboral y Jur\u00eddica en Mallorca\",\"isPartOf\":{\"@id\":\"https:\\\/\\\/www.moyaemery.com\\\/en\\\/#website\"},\"primaryImageOfPage\":{\"@id\":\"https:\\\/\\\/www.moyaemery.com\\\/en\\\/lawyers-and-consultants-in-mallorca-2\\\/marta-marina\\\/#primaryimage\"},\"image\":{\"@id\":\"https:\\\/\\\/www.moyaemery.com\\\/en\\\/lawyers-and-consultants-in-mallorca-2\\\/marta-marina\\\/#primaryimage\"},\"thumbnailUrl\":\"https:\\\/\\\/www.moyaemery.com\\\/wp-content\\\/uploads\\\/2022\\\/12\\\/moya-emery-share-home.jpg\",\"datePublished\":\"2022-06-29T12:37:31+00:00\",\"dateModified\":\"2023-05-23T12:35:45+00:00\",\"description\":\"Marta Marina specializes in mergers and acquisitions, corporate restructurings and non-resident real estate transactions. Graduated in Law from the University of the Balearic Islands in 2016.\",\"breadcrumb\":{\"@id\":\"https:\\\/\\\/www.moyaemery.com\\\/en\\\/lawyers-and-consultants-in-mallorca-2\\\/marta-marina\\\/#breadcrumb\"},\"inLanguage\":\"en-GB\",\"potentialAction\":[{\"@type\":\"ReadAction\",\"target\":[\"https:\\\/\\\/www.moyaemery.com\\\/en\\\/lawyers-and-consultants-in-mallorca-2\\\/marta-marina\\\/\"]}]},{\"@type\":\"ImageObject\",\"inLanguage\":\"en-GB\",\"@id\":\"https:\\\/\\\/www.moyaemery.com\\\/en\\\/lawyers-and-consultants-in-mallorca-2\\\/marta-marina\\\/#primaryimage\",\"url\":\"https:\\\/\\\/www.moyaemery.com\\\/wp-content\\\/uploads\\\/2022\\\/12\\\/moya-emery-share-home.jpg\",\"contentUrl\":\"https:\\\/\\\/www.moyaemery.com\\\/wp-content\\\/uploads\\\/2022\\\/12\\\/moya-emery-share-home.jpg\",\"width\":1280,\"height\":720},{\"@type\":\"BreadcrumbList\",\"@id\":\"https:\\\/\\\/www.moyaemery.com\\\/en\\\/lawyers-and-consultants-in-mallorca-2\\\/marta-marina\\\/#breadcrumb\",\"itemListElement\":[{\"@type\":\"ListItem\",\"position\":1,\"name\":\"Portada\",\"item\":\"https:\\\/\\\/www.moyaemery.com\\\/en\\\/lawyers-and-consultants-in-mallorca\\\/\"},{\"@type\":\"ListItem\",\"position\":2,\"name\":\"Lawyers and consultants in Mallorca\",\"item\":\"https:\\\/\\\/www.moyaemery.com\\\/en\\\/lawyers-and-consultants-in-mallorca-2\\\/\"},{\"@type\":\"ListItem\",\"position\":3,\"name\":\"Marta Marina\"}]},{\"@type\":\"WebSite\",\"@id\":\"https:\\\/\\\/www.moyaemery.com\\\/en\\\/#website\",\"url\":\"https:\\\/\\\/www.moyaemery.com\\\/en\\\/\",\"name\":\"Asesor\u00eda Laboral y Jur\u00eddica en Mallorca\",\"description\":\"Asesor\u00eda laboral y Jur\u00eddica en Mallorca\",\"publisher\":{\"@id\":\"https:\\\/\\\/www.moyaemery.com\\\/en\\\/#organization\"},\"potentialAction\":[{\"@type\":\"SearchAction\",\"target\":{\"@type\":\"EntryPoint\",\"urlTemplate\":\"https:\\\/\\\/www.moyaemery.com\\\/en\\\/?s={search_term_string}\"},\"query-input\":{\"@type\":\"PropertyValueSpecification\",\"valueRequired\":true,\"valueName\":\"search_term_string\"}}],\"inLanguage\":\"en-GB\"},{\"@type\":\"Organization\",\"@id\":\"https:\\\/\\\/www.moyaemery.com\\\/en\\\/#organization\",\"name\":\"Moya & Emery\",\"url\":\"https:\\\/\\\/www.moyaemery.com\\\/en\\\/\",\"logo\":{\"@type\":\"ImageObject\",\"inLanguage\":\"en-GB\",\"@id\":\"https:\\\/\\\/www.moyaemery.com\\\/en\\\/#\\\/schema\\\/logo\\\/image\\\/\",\"url\":\"https:\\\/\\\/www.moyaemery.com\\\/wp-content\\\/uploads\\\/2022\\\/06\\\/moyaemery-logo@2x.png\",\"contentUrl\":\"https:\\\/\\\/www.moyaemery.com\\\/wp-content\\\/uploads\\\/2022\\\/06\\\/moyaemery-logo@2x.png\",\"width\":382,\"height\":80,\"caption\":\"Moya & Emery\"},\"image\":{\"@id\":\"https:\\\/\\\/www.moyaemery.com\\\/en\\\/#\\\/schema\\\/logo\\\/image\\\/\"},\"sameAs\":[\"https:\\\/\\\/www.facebook.com\\\/moyaemery\\\/\",\"https:\\\/\\\/x.com\\\/moyaemery\",\"https:\\\/\\\/www.linkedin.com\\\/company\\\/moyaemery\\\/\",\"https:\\\/\\\/www.instagram.com\\\/moyaemery\\\/\"]}]}<\/script>\n<!-- \/ Yoast SEO plugin. -->","yoast_head_json":{"title":"Marta Marina - Asesor\u00eda Laboral y Jur\u00eddica en Mallorca","description":"Marta Marina specializes in mergers and acquisitions, corporate restructurings and non-resident real estate transactions. Graduated in Law from the University of the Balearic Islands in 2016.","robots":{"index":"index","follow":"follow","max-snippet":"max-snippet:-1","max-image-preview":"max-image-preview:large","max-video-preview":"max-video-preview:-1"},"canonical":"https:\/\/www.moyaemery.com\/en\/lawyers-and-consultants-in-mallorca-2\/marta-marina\/","og_locale":"en_GB","og_type":"article","og_title":"Marta Marina - Asesor\u00eda Laboral y Jur\u00eddica en Mallorca","og_description":"Marta Marina specializes in mergers and acquisitions, corporate restructurings and non-resident real estate transactions. Graduated in Law from the University of the Balearic Islands in 2016.","og_url":"https:\/\/www.moyaemery.com\/en\/lawyers-and-consultants-in-mallorca-2\/marta-marina\/","og_site_name":"Asesor\u00eda Laboral y Jur\u00eddica en Mallorca","article_publisher":"https:\/\/www.facebook.com\/moyaemery\/","article_modified_time":"2023-05-23T12:35:45+00:00","og_image":[{"url":"https:\/\/www.moyaemery.com\/wp-content\/uploads\/2022\/12\/moya-emery-share-home-1024x576.jpg","type":"","width":"","height":""}],"twitter_card":"summary_large_image","twitter_image":"https:\/\/www.moyaemery.com\/wp-content\/uploads\/2022\/12\/moya-emery-share-home-1024x576.jpg","twitter_site":"@moyaemery","twitter_misc":{"Estimated reading time":"7 minutes"},"schema":{"@context":"https:\/\/schema.org","@graph":[{"@type":"WebPage","@id":"https:\/\/www.moyaemery.com\/en\/lawyers-and-consultants-in-mallorca-2\/marta-marina\/","url":"https:\/\/www.moyaemery.com\/en\/lawyers-and-consultants-in-mallorca-2\/marta-marina\/","name":"Marta Marina - Asesor\u00eda Laboral y Jur\u00eddica en Mallorca","isPartOf":{"@id":"https:\/\/www.moyaemery.com\/en\/#website"},"primaryImageOfPage":{"@id":"https:\/\/www.moyaemery.com\/en\/lawyers-and-consultants-in-mallorca-2\/marta-marina\/#primaryimage"},"image":{"@id":"https:\/\/www.moyaemery.com\/en\/lawyers-and-consultants-in-mallorca-2\/marta-marina\/#primaryimage"},"thumbnailUrl":"https:\/\/www.moyaemery.com\/wp-content\/uploads\/2022\/12\/moya-emery-share-home.jpg","datePublished":"2022-06-29T12:37:31+00:00","dateModified":"2023-05-23T12:35:45+00:00","description":"Marta Marina specializes in mergers and acquisitions, corporate restructurings and non-resident real estate transactions. Graduated in Law from the University of the Balearic Islands in 2016.","breadcrumb":{"@id":"https:\/\/www.moyaemery.com\/en\/lawyers-and-consultants-in-mallorca-2\/marta-marina\/#breadcrumb"},"inLanguage":"en-GB","potentialAction":[{"@type":"ReadAction","target":["https:\/\/www.moyaemery.com\/en\/lawyers-and-consultants-in-mallorca-2\/marta-marina\/"]}]},{"@type":"ImageObject","inLanguage":"en-GB","@id":"https:\/\/www.moyaemery.com\/en\/lawyers-and-consultants-in-mallorca-2\/marta-marina\/#primaryimage","url":"https:\/\/www.moyaemery.com\/wp-content\/uploads\/2022\/12\/moya-emery-share-home.jpg","contentUrl":"https:\/\/www.moyaemery.com\/wp-content\/uploads\/2022\/12\/moya-emery-share-home.jpg","width":1280,"height":720},{"@type":"BreadcrumbList","@id":"https:\/\/www.moyaemery.com\/en\/lawyers-and-consultants-in-mallorca-2\/marta-marina\/#breadcrumb","itemListElement":[{"@type":"ListItem","position":1,"name":"Portada","item":"https:\/\/www.moyaemery.com\/en\/lawyers-and-consultants-in-mallorca\/"},{"@type":"ListItem","position":2,"name":"Lawyers and consultants in Mallorca","item":"https:\/\/www.moyaemery.com\/en\/lawyers-and-consultants-in-mallorca-2\/"},{"@type":"ListItem","position":3,"name":"Marta Marina"}]},{"@type":"WebSite","@id":"https:\/\/www.moyaemery.com\/en\/#website","url":"https:\/\/www.moyaemery.com\/en\/","name":"Asesor\u00eda Laboral y Jur\u00eddica en Mallorca","description":"Asesor\u00eda laboral y Jur\u00eddica en Mallorca","publisher":{"@id":"https:\/\/www.moyaemery.com\/en\/#organization"},"potentialAction":[{"@type":"SearchAction","target":{"@type":"EntryPoint","urlTemplate":"https:\/\/www.moyaemery.com\/en\/?s={search_term_string}"},"query-input":{"@type":"PropertyValueSpecification","valueRequired":true,"valueName":"search_term_string"}}],"inLanguage":"en-GB"},{"@type":"Organization","@id":"https:\/\/www.moyaemery.com\/en\/#organization","name":"Moya & Emery","url":"https:\/\/www.moyaemery.com\/en\/","logo":{"@type":"ImageObject","inLanguage":"en-GB","@id":"https:\/\/www.moyaemery.com\/en\/#\/schema\/logo\/image\/","url":"https:\/\/www.moyaemery.com\/wp-content\/uploads\/2022\/06\/moyaemery-logo@2x.png","contentUrl":"https:\/\/www.moyaemery.com\/wp-content\/uploads\/2022\/06\/moyaemery-logo@2x.png","width":382,"height":80,"caption":"Moya & Emery"},"image":{"@id":"https:\/\/www.moyaemery.com\/en\/#\/schema\/logo\/image\/"},"sameAs":["https:\/\/www.facebook.com\/moyaemery\/","https:\/\/x.com\/moyaemery","https:\/\/www.linkedin.com\/company\/moyaemery\/","https:\/\/www.instagram.com\/moyaemery\/"]}]}},"_links":{"self":[{"href":"https:\/\/www.moyaemery.com\/en\/wp-json\/wp\/v2\/pages\/1111","targetHints":{"allow":["GET"]}}],"collection":[{"href":"https:\/\/www.moyaemery.com\/en\/wp-json\/wp\/v2\/pages"}],"about":[{"href":"https:\/\/www.moyaemery.com\/en\/wp-json\/wp\/v2\/types\/page"}],"author":[{"embeddable":true,"href":"https:\/\/www.moyaemery.com\/en\/wp-json\/wp\/v2\/users\/2"}],"replies":[{"embeddable":true,"href":"https:\/\/www.moyaemery.com\/en\/wp-json\/wp\/v2\/comments?post=1111"}],"version-history":[{"count":11,"href":"https:\/\/www.moyaemery.com\/en\/wp-json\/wp\/v2\/pages\/1111\/revisions"}],"predecessor-version":[{"id":1161,"href":"https:\/\/www.moyaemery.com\/en\/wp-json\/wp\/v2\/pages\/1111\/revisions\/1161"}],"up":[{"embeddable":true,"href":"https:\/\/www.moyaemery.com\/en\/wp-json\/wp\/v2\/pages\/1117"}],"wp:featuredmedia":[{"embeddable":true,"href":"https:\/\/www.moyaemery.com\/en\/wp-json\/wp\/v2\/media\/1059"}],"wp:attachment":[{"href":"https:\/\/www.moyaemery.com\/en\/wp-json\/wp\/v2\/media?parent=1111"}],"curies":[{"name":"wp","href":"https:\/\/api.w.org\/{rel}","templated":true}]}}