{"id":1505,"date":"2026-03-31T13:41:00","date_gmt":"2026-03-31T11:41:00","guid":{"rendered":"https:\/\/www.moyaemery.com\/blog\/"},"modified":"2026-04-01T11:20:04","modified_gmt":"2026-04-01T09:20:04","slug":"blog","status":"publish","type":"page","link":"https:\/\/www.moyaemery.com\/en\/blog\/","title":{"rendered":"Blog"},"content":{"rendered":"","protected":false},"excerpt":{"rendered":"","protected":false},"author":6,"featured_media":0,"parent":0,"menu_order":0,"comment_status":"closed","ping_status":"closed","template":"","meta":{"footnotes":""},"class_list":["post-1505","page","type-page","status-publish","hentry"],"yoast_head":"<!-- This site is optimized with the Yoast SEO plugin v27.3 - https:\/\/yoast.com\/product\/yoast-seo-wordpress\/ -->\n<title>Blog - Asesor\u00eda Laboral y Jur\u00eddica en Mallorca<\/title>\n<meta name=\"robots\" content=\"index, follow, max-snippet:-1, max-image-preview:large, max-video-preview:-1\" \/>\n<link rel=\"canonical\" href=\"https:\/\/www.moyaemery.com\/en\/blog\/\" \/>\n<meta property=\"og:locale\" content=\"en_GB\" \/>\n<meta property=\"og:type\" content=\"article\" \/>\n<meta property=\"og:title\" content=\"Blog - Asesor\u00eda Laboral y Jur\u00eddica en Mallorca\" \/>\n<meta property=\"og:url\" content=\"https:\/\/www.moyaemery.com\/en\/blog\/\" \/>\n<meta property=\"og:site_name\" content=\"Asesor\u00eda Laboral y Jur\u00eddica en Mallorca\" \/>\n<meta property=\"article:publisher\" content=\"https:\/\/www.facebook.com\/moyaemery\/\" \/>\n<meta property=\"article:modified_time\" content=\"2026-04-01T09:20:04+00:00\" \/>\n<meta name=\"twitter:card\" content=\"summary_large_image\" \/>\n<meta name=\"twitter:site\" content=\"@moyaemery\" \/>\n<script type=\"application\/ld+json\" class=\"yoast-schema-graph\">{\"@context\":\"https:\\\/\\\/schema.org\",\"@graph\":[{\"@type\":\"WebPage\",\"@id\":\"https:\\\/\\\/www.moyaemery.com\\\/en\\\/blog\\\/\",\"url\":\"https:\\\/\\\/www.moyaemery.com\\\/en\\\/blog\\\/\",\"name\":\"Blog - Asesor\u00eda Laboral y Jur\u00eddica en Mallorca\",\"isPartOf\":{\"@id\":\"https:\\\/\\\/www.moyaemery.com\\\/en\\\/#website\"},\"datePublished\":\"2026-03-31T11:41:00+00:00\",\"dateModified\":\"2026-04-01T09:20:04+00:00\",\"breadcrumb\":{\"@id\":\"https:\\\/\\\/www.moyaemery.com\\\/en\\\/blog\\\/#breadcrumb\"},\"inLanguage\":\"en-GB\",\"potentialAction\":[{\"@type\":\"ReadAction\",\"target\":[\"https:\\\/\\\/www.moyaemery.com\\\/en\\\/blog\\\/\"]}]},{\"@type\":\"BreadcrumbList\",\"@id\":\"https:\\\/\\\/www.moyaemery.com\\\/en\\\/blog\\\/#breadcrumb\",\"itemListElement\":[{\"@type\":\"ListItem\",\"position\":1,\"name\":\"Portada\",\"item\":\"https:\\\/\\\/www.moyaemery.com\\\/en\\\/lawyers-and-consultants-in-mallorca\\\/\"},{\"@type\":\"ListItem\",\"position\":2,\"name\":\"Blog\"}]},{\"@type\":\"WebSite\",\"@id\":\"https:\\\/\\\/www.moyaemery.com\\\/en\\\/#website\",\"url\":\"https:\\\/\\\/www.moyaemery.com\\\/en\\\/\",\"name\":\"Asesor\u00eda Laboral y Jur\u00eddica en Mallorca\",\"description\":\"Asesor\u00eda laboral y Jur\u00eddica en Mallorca\",\"publisher\":{\"@id\":\"https:\\\/\\\/www.moyaemery.com\\\/en\\\/#organization\"},\"potentialAction\":[{\"@type\":\"SearchAction\",\"target\":{\"@type\":\"EntryPoint\",\"urlTemplate\":\"https:\\\/\\\/www.moyaemery.com\\\/en\\\/?s={search_term_string}\"},\"query-input\":{\"@type\":\"PropertyValueSpecification\",\"valueRequired\":true,\"valueName\":\"search_term_string\"}}],\"inLanguage\":\"en-GB\"},{\"@type\":\"Organization\",\"@id\":\"https:\\\/\\\/www.moyaemery.com\\\/en\\\/#organization\",\"name\":\"Moya & Emery\",\"url\":\"https:\\\/\\\/www.moyaemery.com\\\/en\\\/\",\"logo\":{\"@type\":\"ImageObject\",\"inLanguage\":\"en-GB\",\"@id\":\"https:\\\/\\\/www.moyaemery.com\\\/en\\\/#\\\/schema\\\/logo\\\/image\\\/\",\"url\":\"https:\\\/\\\/www.moyaemery.com\\\/wp-content\\\/uploads\\\/2022\\\/06\\\/moyaemery-logo@2x.png\",\"contentUrl\":\"https:\\\/\\\/www.moyaemery.com\\\/wp-content\\\/uploads\\\/2022\\\/06\\\/moyaemery-logo@2x.png\",\"width\":382,\"height\":80,\"caption\":\"Moya & Emery\"},\"image\":{\"@id\":\"https:\\\/\\\/www.moyaemery.com\\\/en\\\/#\\\/schema\\\/logo\\\/image\\\/\"},\"sameAs\":[\"https:\\\/\\\/www.facebook.com\\\/moyaemery\\\/\",\"https:\\\/\\\/x.com\\\/moyaemery\",\"https:\\\/\\\/www.linkedin.com\\\/company\\\/moyaemery\\\/\",\"https:\\\/\\\/www.instagram.com\\\/moyaemery\\\/\"]}]}<\/script>\n<!-- \/ Yoast SEO plugin. -->","yoast_head_json":{"title":"Blog - Asesor\u00eda Laboral y Jur\u00eddica en Mallorca","robots":{"index":"index","follow":"follow","max-snippet":"max-snippet:-1","max-image-preview":"max-image-preview:large","max-video-preview":"max-video-preview:-1"},"canonical":"https:\/\/www.moyaemery.com\/en\/blog\/","og_locale":"en_GB","og_type":"article","og_title":"Blog - Asesor\u00eda Laboral y Jur\u00eddica en Mallorca","og_url":"https:\/\/www.moyaemery.com\/en\/blog\/","og_site_name":"Asesor\u00eda Laboral y Jur\u00eddica en Mallorca","article_publisher":"https:\/\/www.facebook.com\/moyaemery\/","article_modified_time":"2026-04-01T09:20:04+00:00","twitter_card":"summary_large_image","twitter_site":"@moyaemery","schema":{"@context":"https:\/\/schema.org","@graph":[{"@type":"WebPage","@id":"https:\/\/www.moyaemery.com\/en\/blog\/","url":"https:\/\/www.moyaemery.com\/en\/blog\/","name":"Blog - Asesor\u00eda Laboral y Jur\u00eddica en Mallorca","isPartOf":{"@id":"https:\/\/www.moyaemery.com\/en\/#website"},"datePublished":"2026-03-31T11:41:00+00:00","dateModified":"2026-04-01T09:20:04+00:00","breadcrumb":{"@id":"https:\/\/www.moyaemery.com\/en\/blog\/#breadcrumb"},"inLanguage":"en-GB","potentialAction":[{"@type":"ReadAction","target":["https:\/\/www.moyaemery.com\/en\/blog\/"]}]},{"@type":"BreadcrumbList","@id":"https:\/\/www.moyaemery.com\/en\/blog\/#breadcrumb","itemListElement":[{"@type":"ListItem","position":1,"name":"Portada","item":"https:\/\/www.moyaemery.com\/en\/lawyers-and-consultants-in-mallorca\/"},{"@type":"ListItem","position":2,"name":"Blog"}]},{"@type":"WebSite","@id":"https:\/\/www.moyaemery.com\/en\/#website","url":"https:\/\/www.moyaemery.com\/en\/","name":"Asesor\u00eda Laboral y Jur\u00eddica en Mallorca","description":"Asesor\u00eda laboral y Jur\u00eddica en Mallorca","publisher":{"@id":"https:\/\/www.moyaemery.com\/en\/#organization"},"potentialAction":[{"@type":"SearchAction","target":{"@type":"EntryPoint","urlTemplate":"https:\/\/www.moyaemery.com\/en\/?s={search_term_string}"},"query-input":{"@type":"PropertyValueSpecification","valueRequired":true,"valueName":"search_term_string"}}],"inLanguage":"en-GB"},{"@type":"Organization","@id":"https:\/\/www.moyaemery.com\/en\/#organization","name":"Moya & Emery","url":"https:\/\/www.moyaemery.com\/en\/","logo":{"@type":"ImageObject","inLanguage":"en-GB","@id":"https:\/\/www.moyaemery.com\/en\/#\/schema\/logo\/image\/","url":"https:\/\/www.moyaemery.com\/wp-content\/uploads\/2022\/06\/moyaemery-logo@2x.png","contentUrl":"https:\/\/www.moyaemery.com\/wp-content\/uploads\/2022\/06\/moyaemery-logo@2x.png","width":382,"height":80,"caption":"Moya & Emery"},"image":{"@id":"https:\/\/www.moyaemery.com\/en\/#\/schema\/logo\/image\/"},"sameAs":["https:\/\/www.facebook.com\/moyaemery\/","https:\/\/x.com\/moyaemery","https:\/\/www.linkedin.com\/company\/moyaemery\/","https:\/\/www.instagram.com\/moyaemery\/"]}]}},"_links":{"self":[{"href":"https:\/\/www.moyaemery.com\/en\/wp-json\/wp\/v2\/pages\/1505","targetHints":{"allow":["GET"]}}],"collection":[{"href":"https:\/\/www.moyaemery.com\/en\/wp-json\/wp\/v2\/pages"}],"about":[{"href":"https:\/\/www.moyaemery.com\/en\/wp-json\/wp\/v2\/types\/page"}],"author":[{"embeddable":true,"href":"https:\/\/www.moyaemery.com\/en\/wp-json\/wp\/v2\/users\/6"}],"replies":[{"embeddable":true,"href":"https:\/\/www.moyaemery.com\/en\/wp-json\/wp\/v2\/comments?post=1505"}],"version-history":[{"count":1,"href":"https:\/\/www.moyaemery.com\/en\/wp-json\/wp\/v2\/pages\/1505\/revisions"}],"predecessor-version":[{"id":1524,"href":"https:\/\/www.moyaemery.com\/en\/wp-json\/wp\/v2\/pages\/1505\/revisions\/1524"}],"wp:attachment":[{"href":"https:\/\/www.moyaemery.com\/en\/wp-json\/wp\/v2\/media?parent=1505"}],"curies":[{"name":"wp","href":"https:\/\/api.w.org\/{rel}","templated":true}]}}